{"id":4229,"date":"2026-02-26T10:03:09","date_gmt":"2026-02-26T09:03:09","guid":{"rendered":"https:\/\/www.pagode-chanteloup.com\/be-a-patron-of-the-arts\/"},"modified":"2026-04-25T14:55:45","modified_gmt":"2026-04-25T13:55:45","slug":"be-a-patron-of-the-arts","status":"publish","type":"page","link":"https:\/\/www.pagode-chanteloup.com\/en\/be-a-patron-of-the-arts\/","title":{"rendered":"Be a patron of the arts"},"content":{"rendered":"<section  class='av_textblock_section av-mm3qqllk-94d0622ab044fc552788cac9a558fa43 '   itemscope=\"itemscope\" itemtype=\"https:\/\/schema.org\/CreativeWork\" ><div class='avia_textblock'  itemprop=\"text\" ><p><strong>Le soutien de nos amis, qu&#8217;ils soient nos m\u00e9c\u00e8nes ou nos ambassadeurs, en France ou \u00e0 l\u2019international, est clef pour mener \u00e0 bien notre projet de restauration.<\/strong><\/p>\n<p><strong>\u00catre m\u00e9c\u00e8ne de la Pagode de Chanteloup, c&#8217;est contribuer \u00e0 pr\u00e9server ce monument historique exceptionnel du patrimoine fran\u00e7ais, et maintenir vivant un dialogue ancien entre la Chine et la France !<\/strong><\/p>\n<p>Que vous soyez un particulier, une entreprise ou une fondation, vous pouvez vous engager dans un projet de m\u00e9c\u00e9nat qui vous correspond : m\u00e9c\u00e9nat de comp\u00e9tence, m\u00e9c\u00e9nat financier. Tous les dons, quel que soit leur montant, contribuent \u00e0 soutenir notre effort collectif de sauvegarde et de mise en valeur de ce patrimoine qui est aussi le v\u00f4tre.<\/p>\n<\/div><\/section>\n<form action=\"https:\/\/www.pagode-chanteloup.com\/en\/be-a-patron-of-the-arts\/\" method=\"post\" data-fields-with-error=\"Found errors in the following field(s):\" class=\"avia_ajax_form av-form-labels-visible   avia-builder-el-1  el_after_av_textblock  avia-builder-el-last   \" data-avia-form-id=\"1\" data-avia-redirect=''  aria-label='Formulaire de contact' ><h3 class=''>Envoyez-nous un mail<\/h3><fieldset><p class='  first_form  form_element form_fullwidth' id='element_avia_1_1'><label for=\"avia_1_1\">Nom <abbr class=\"required\" title=\"required\">*<\/abbr><\/label> <input name=\"avia_1_1\" class=\"text_input is_empty\" type=\"text\" id=\"avia_1_1\" value=\"\" \/><\/p><p class='  first_form  form_element form_fullwidth' id='element_avia_2_1'><label for=\"avia_2_1\">E-Mail <abbr class=\"required\" title=\"required\">*<\/abbr><\/label> <input name=\"avia_2_1\" class=\"text_input is_email\" type=\"text\" id=\"avia_2_1\" value=\"\" \/><\/p><p class='  first_form  form_element form_fullwidth' id='element_avia_3_1'><label for=\"avia_3_1\">Sujet <abbr class=\"required\" title=\"required\">*<\/abbr><\/label> <input name=\"avia_3_1\" class=\"text_input is_empty\" type=\"text\" id=\"avia_3_1\" value=\"\" \/><\/p><p class='  first_form  form_element form_fullwidth av-last-visible-form-element' id='element_avia_4_1'><label for=\"avia_4_1\" class=\"textare_label hidden textare_label_avia_4_1\">Message <abbr class=\"required\" title=\"required\">*<\/abbr><\/label><textarea  name=\"avia_4_1\" class=\"text_area is_empty\" cols=\"40\" rows=\"7\" id=\"avia_4_1\" ><\/textarea><\/p><p class=\"hidden\"><input type=\"text\" name=\"avia_5_1\" class=\"hidden \" id=\"avia_5_1\" value=\"\" \/><\/p><p class=\"form_element \"><input type=\"hidden\" value=\"1\" name=\"avia_generated_form1\" \/><input type=\"submit\" value=\"Valider\" class=\"button\"  data-sending-label=\"Sending\"\/><\/p><\/fieldset><\/form><div id=\"ajaxresponse_1\" class=\"ajaxresponse ajaxresponse_1 hidden\"><\/div>\n","protected":false},"excerpt":{"rendered":"","protected":false},"author":2,"featured_media":0,"parent":0,"menu_order":0,"comment_status":"closed","ping_status":"closed","template":"","meta":{"footnotes":""},"class_list":["post-4229","page","type-page","status-publish","hentry"],"yoast_head":"<!-- This site is optimized with the Yoast SEO plugin v27.4 - https:\/\/yoast.com\/product\/yoast-seo-wordpress\/ -->\n<title>Be a patron of the arts - La Pagode de Chanteloup<\/title>\n<meta name=\"robots\" content=\"index, follow, max-snippet:-1, max-image-preview:large, max-video-preview:-1\" \/>\n<link rel=\"canonical\" href=\"https:\/\/www.pagode-chanteloup.com\/en\/be-a-patron-of-the-arts\/\" \/>\n<meta property=\"og:locale\" content=\"en_US\" \/>\n<meta property=\"og:type\" content=\"article\" \/>\n<meta property=\"og:title\" content=\"Be a patron of the arts - La Pagode de Chanteloup\" \/>\n<meta property=\"og:url\" content=\"https:\/\/www.pagode-chanteloup.com\/en\/be-a-patron-of-the-arts\/\" \/>\n<meta property=\"og:site_name\" content=\"La Pagode de Chanteloup\" \/>\n<meta property=\"article:publisher\" content=\"https:\/\/www.facebook.com\/pagodedechanteloup\/\" \/>\n<meta property=\"article:modified_time\" content=\"2026-04-25T13:55:45+00:00\" \/>\n<meta name=\"twitter:card\" content=\"summary_large_image\" \/>\n<meta name=\"twitter:label1\" content=\"Est. reading time\" \/>\n\t<meta name=\"twitter:data1\" content=\"3 minutes\" \/>\n<script type=\"application\/ld+json\" class=\"yoast-schema-graph\">{\"@context\":\"https:\\\/\\\/schema.org\",\"@graph\":[{\"@type\":\"WebPage\",\"@id\":\"https:\\\/\\\/www.pagode-chanteloup.com\\\/en\\\/be-a-patron-of-the-arts\\\/\",\"url\":\"https:\\\/\\\/www.pagode-chanteloup.com\\\/en\\\/be-a-patron-of-the-arts\\\/\",\"name\":\"Be a patron of the arts - La Pagode de Chanteloup\",\"isPartOf\":{\"@id\":\"https:\\\/\\\/www.pagode-chanteloup.com\\\/en\\\/#website\"},\"datePublished\":\"2026-02-26T09:03:09+00:00\",\"dateModified\":\"2026-04-25T13:55:45+00:00\",\"breadcrumb\":{\"@id\":\"https:\\\/\\\/www.pagode-chanteloup.com\\\/en\\\/be-a-patron-of-the-arts\\\/#breadcrumb\"},\"inLanguage\":\"en-US\",\"potentialAction\":[{\"@type\":\"ReadAction\",\"target\":[\"https:\\\/\\\/www.pagode-chanteloup.com\\\/en\\\/be-a-patron-of-the-arts\\\/\"]}]},{\"@type\":\"BreadcrumbList\",\"@id\":\"https:\\\/\\\/www.pagode-chanteloup.com\\\/en\\\/be-a-patron-of-the-arts\\\/#breadcrumb\",\"itemListElement\":[{\"@type\":\"ListItem\",\"position\":1,\"name\":\"Accueil\",\"item\":\"https:\\\/\\\/www.pagode-chanteloup.com\\\/en\\\/home\\\/?lang=en\"},{\"@type\":\"ListItem\",\"position\":2,\"name\":\"Be a patron of the arts\"}]},{\"@type\":\"WebSite\",\"@id\":\"https:\\\/\\\/www.pagode-chanteloup.com\\\/en\\\/#website\",\"url\":\"https:\\\/\\\/www.pagode-chanteloup.com\\\/en\\\/\",\"name\":\"La Pagode de Chanteloup\",\"description\":\"Un moment de r\u00eave et d&#039;\u00e9vasion\",\"publisher\":{\"@id\":\"https:\\\/\\\/www.pagode-chanteloup.com\\\/en\\\/#organization\"},\"potentialAction\":[{\"@type\":\"SearchAction\",\"target\":{\"@type\":\"EntryPoint\",\"urlTemplate\":\"https:\\\/\\\/www.pagode-chanteloup.com\\\/en\\\/?s={search_term_string}\"},\"query-input\":{\"@type\":\"PropertyValueSpecification\",\"valueRequired\":true,\"valueName\":\"search_term_string\"}}],\"inLanguage\":\"en-US\"},{\"@type\":\"Organization\",\"@id\":\"https:\\\/\\\/www.pagode-chanteloup.com\\\/en\\\/#organization\",\"name\":\"La Pagode de Chanteloup\",\"url\":\"https:\\\/\\\/www.pagode-chanteloup.com\\\/en\\\/\",\"logo\":{\"@type\":\"ImageObject\",\"inLanguage\":\"en-US\",\"@id\":\"https:\\\/\\\/www.pagode-chanteloup.com\\\/en\\\/#\\\/schema\\\/logo\\\/image\\\/\",\"url\":\"https:\\\/\\\/www.pagode-chanteloup.com\\\/wp-content\\\/uploads\\\/2026\\\/02\\\/la-pagode-de-chanteloup.jpeg\",\"contentUrl\":\"https:\\\/\\\/www.pagode-chanteloup.com\\\/wp-content\\\/uploads\\\/2026\\\/02\\\/la-pagode-de-chanteloup.jpeg\",\"width\":225,\"height\":225,\"caption\":\"La Pagode de Chanteloup\"},\"image\":{\"@id\":\"https:\\\/\\\/www.pagode-chanteloup.com\\\/en\\\/#\\\/schema\\\/logo\\\/image\\\/\"},\"sameAs\":[\"https:\\\/\\\/www.facebook.com\\\/pagodedechanteloup\\\/\",\"https:\\\/\\\/www.instagram.com\\\/pagodedechanteloup\\\/\"]}]}<\/script>\n<!-- \/ Yoast SEO plugin. -->","yoast_head_json":{"title":"Be a patron of the arts - La Pagode de Chanteloup","robots":{"index":"index","follow":"follow","max-snippet":"max-snippet:-1","max-image-preview":"max-image-preview:large","max-video-preview":"max-video-preview:-1"},"canonical":"https:\/\/www.pagode-chanteloup.com\/en\/be-a-patron-of-the-arts\/","og_locale":"en_US","og_type":"article","og_title":"Be a patron of the arts - La Pagode de Chanteloup","og_url":"https:\/\/www.pagode-chanteloup.com\/en\/be-a-patron-of-the-arts\/","og_site_name":"La Pagode de Chanteloup","article_publisher":"https:\/\/www.facebook.com\/pagodedechanteloup\/","article_modified_time":"2026-04-25T13:55:45+00:00","twitter_card":"summary_large_image","twitter_misc":{"Est. reading time":"3 minutes"},"schema":{"@context":"https:\/\/schema.org","@graph":[{"@type":"WebPage","@id":"https:\/\/www.pagode-chanteloup.com\/en\/be-a-patron-of-the-arts\/","url":"https:\/\/www.pagode-chanteloup.com\/en\/be-a-patron-of-the-arts\/","name":"Be a patron of the arts - La Pagode de Chanteloup","isPartOf":{"@id":"https:\/\/www.pagode-chanteloup.com\/en\/#website"},"datePublished":"2026-02-26T09:03:09+00:00","dateModified":"2026-04-25T13:55:45+00:00","breadcrumb":{"@id":"https:\/\/www.pagode-chanteloup.com\/en\/be-a-patron-of-the-arts\/#breadcrumb"},"inLanguage":"en-US","potentialAction":[{"@type":"ReadAction","target":["https:\/\/www.pagode-chanteloup.com\/en\/be-a-patron-of-the-arts\/"]}]},{"@type":"BreadcrumbList","@id":"https:\/\/www.pagode-chanteloup.com\/en\/be-a-patron-of-the-arts\/#breadcrumb","itemListElement":[{"@type":"ListItem","position":1,"name":"Accueil","item":"https:\/\/www.pagode-chanteloup.com\/en\/home\/?lang=en"},{"@type":"ListItem","position":2,"name":"Be a patron of the arts"}]},{"@type":"WebSite","@id":"https:\/\/www.pagode-chanteloup.com\/en\/#website","url":"https:\/\/www.pagode-chanteloup.com\/en\/","name":"La Pagode de Chanteloup","description":"Un moment de r\u00eave et d&#039;\u00e9vasion","publisher":{"@id":"https:\/\/www.pagode-chanteloup.com\/en\/#organization"},"potentialAction":[{"@type":"SearchAction","target":{"@type":"EntryPoint","urlTemplate":"https:\/\/www.pagode-chanteloup.com\/en\/?s={search_term_string}"},"query-input":{"@type":"PropertyValueSpecification","valueRequired":true,"valueName":"search_term_string"}}],"inLanguage":"en-US"},{"@type":"Organization","@id":"https:\/\/www.pagode-chanteloup.com\/en\/#organization","name":"La Pagode de Chanteloup","url":"https:\/\/www.pagode-chanteloup.com\/en\/","logo":{"@type":"ImageObject","inLanguage":"en-US","@id":"https:\/\/www.pagode-chanteloup.com\/en\/#\/schema\/logo\/image\/","url":"https:\/\/www.pagode-chanteloup.com\/wp-content\/uploads\/2026\/02\/la-pagode-de-chanteloup.jpeg","contentUrl":"https:\/\/www.pagode-chanteloup.com\/wp-content\/uploads\/2026\/02\/la-pagode-de-chanteloup.jpeg","width":225,"height":225,"caption":"La Pagode de Chanteloup"},"image":{"@id":"https:\/\/www.pagode-chanteloup.com\/en\/#\/schema\/logo\/image\/"},"sameAs":["https:\/\/www.facebook.com\/pagodedechanteloup\/","https:\/\/www.instagram.com\/pagodedechanteloup\/"]}]}},"_links":{"self":[{"href":"https:\/\/www.pagode-chanteloup.com\/en\/wp-json\/wp\/v2\/pages\/4229","targetHints":{"allow":["GET"]}}],"collection":[{"href":"https:\/\/www.pagode-chanteloup.com\/en\/wp-json\/wp\/v2\/pages"}],"about":[{"href":"https:\/\/www.pagode-chanteloup.com\/en\/wp-json\/wp\/v2\/types\/page"}],"author":[{"embeddable":true,"href":"https:\/\/www.pagode-chanteloup.com\/en\/wp-json\/wp\/v2\/users\/2"}],"replies":[{"embeddable":true,"href":"https:\/\/www.pagode-chanteloup.com\/en\/wp-json\/wp\/v2\/comments?post=4229"}],"version-history":[{"count":1,"href":"https:\/\/www.pagode-chanteloup.com\/en\/wp-json\/wp\/v2\/pages\/4229\/revisions"}],"predecessor-version":[{"id":4230,"href":"https:\/\/www.pagode-chanteloup.com\/en\/wp-json\/wp\/v2\/pages\/4229\/revisions\/4230"}],"wp:attachment":[{"href":"https:\/\/www.pagode-chanteloup.com\/en\/wp-json\/wp\/v2\/media?parent=4229"}],"curies":[{"name":"wp","href":"https:\/\/api.w.org\/{rel}","templated":true}]}}